{"id":6206,"date":"2023-09-11T10:32:08","date_gmt":"2023-09-11T10:32:08","guid":{"rendered":"https:\/\/bookings.continentaladventure.net\/?page_id=3"},"modified":"2024-05-25T13:17:48","modified_gmt":"2024-05-25T11:17:48","slug":"privacy-policy","status":"publish","type":"page","link":"https:\/\/bookings.continentaladventure.net\/hr\/privacy-policy\/","title":{"rendered":"Politika privatnosti"},"content":{"rendered":"<div data-elementor-type=\"wp-page\" data-elementor-id=\"6206\" class=\"elementor elementor-6206\">\n\t\t\t\t\t\t<section class=\"elementor-section elementor-top-section elementor-element elementor-element-40fae3eb elementor-section-stretched elementor-section-boxed elementor-section-height-default elementor-section-height-default\" data-id=\"40fae3eb\" data-element_type=\"section\" data-settings=\"{&quot;stretch_section&quot;:&quot;section-stretched&quot;}\">\n\t\t\t\t\t\t<div class=\"elementor-container elementor-column-gap-default\">\n\t\t\t\t\t<div class=\"elementor-column elementor-col-100 elementor-top-column elementor-element elementor-element-7afa0e25\" data-id=\"7afa0e25\" data-element_type=\"column\">\n\t\t\t<div class=\"elementor-widget-wrap elementor-element-populated\">\n\t\t\t\t\t\t<div class=\"elementor-element elementor-element-68e23ffb elementor-widget elementor-widget-text-editor\" data-id=\"68e23ffb\" data-element_type=\"widget\" data-widget_type=\"text-editor.default\">\n\t\t\t\t<div class=\"elementor-widget-container\">\n\t\t\t<style>\/*! elementor - v3.21.0 - 22-05-2024 *\/\n.elementor-widget-text-editor.elementor-drop-cap-view-stacked .elementor-drop-cap{background-color:#69727d;color:#fff}.elementor-widget-text-editor.elementor-drop-cap-view-framed .elementor-drop-cap{color:#69727d;border:3px solid;background-color:transparent}.elementor-widget-text-editor:not(.elementor-drop-cap-view-default) .elementor-drop-cap{margin-top:8px}.elementor-widget-text-editor:not(.elementor-drop-cap-view-default) .elementor-drop-cap-letter{width:1em;height:1em}.elementor-widget-text-editor .elementor-drop-cap{float:left;text-align:center;line-height:1;font-size:50px}.elementor-widget-text-editor .elementor-drop-cap-letter{display:inline-block}<\/style>\t\t\t\t<p><!-- wp:heading --><\/p>\n<h2>Politika privatnosti<\/h2>\n<p>Ova Politika privatnosti opisuje kako mi Continental Adventure prikuplja, koristi, pohranjuje i \u0161titi korisni\u010dke podatke u skladu s va\u017ee\u0107im zakonima o za\u0161titi podataka u Bosni i Hercegovini.<\/p>\n<ul>\n<li>\n<h4>Izjava o prikupljanju i za\u0161titi osobnih podataka<\/h4>\n<ul>\n<li>Obvezujemo se pru\u017eati uslugu za\u0161tite osobnih podataka na\u0161ih kupaca na na\u010din da prikupljamo samo bitne osnovne podatke o na\u0161im kupcima koji su nu\u017eni za ispunjenje na\u0161ih obveza. Tako\u0111er informiramo svoje kupce o na\u010dinu na koji prikupljamo informacije i redovito dajemo kupcima opciju o tome kako \u0107e se njihovi podaci koristiti, uklju\u010duju\u0107i mogu\u0107nost odluke ho\u0107e li njihovo ime biti uklju\u010deno ili izostavljeno s popisa koji se koriste za marketin\u0161ke kampanje.<br \/>Svi podaci o korisnicima su strogo \u010duvani i dostupni su samo zaposlenicima kojima su ti podaci potrebni za obavljanje posla.<br \/>Svi na\u0161i zaposlenici i poslovni partneri odgovorni su za po\u0161tivanje na\u010dela za\u0161tite povjerljivosti.<\/li>\n<\/ul>\n<\/li>\n<\/ul>\n<ul>\n<li>\n<h4>Izjava o sigurnosti kupnje kreditnom karticom<\/h4>\n<ul>\n<li>Povjerljivost va\u0161ih podataka za\u0161ti\u0107ena je i osigurana kori\u0161tenjem najnovije TLS enkripcije. Stranice za web<br \/>pla\u0107anja su osigurana kori\u0161tenjem Secure Socket Layer (SSL) protokola sa 128-bitnom enkripcijom podataka. SSL enkripcija je postupak kodiranja podataka za sprje\u010davanje neovla\u0161tenog pristupa tijekom prijenosa podataka.<br \/>To omogu\u0107uje siguran prijenos podataka i sprje\u010dava neovla\u0161teni pristup podacima tijekom komunikacije izme\u0111u korisnika i Monri WebPay Payment Gatewaya i obrnuto.<br \/>Monri WebPay Payment Gateway i financijske institucije razmjenjuju podatke koriste\u0107i svoju virtualnu privatnu mre\u017eu (VPN) koja je tako\u0111er za\u0161ti\u0107ena od neovla\u0161tenog pristupa.<br \/>Monri Payments je PCI DSS Level 1 certificirani pru\u017eatelj usluga pla\u0107anja.<br \/>Trgovac ne pohranjuje brojeve kreditnih kartica i oni nisu dostupni neovla\u0161tenom osoblju.<\/li>\n<\/ul>\n<\/li>\n<\/ul>\n<p><!-- \/wp:paragraph --><\/p>\t\t\t\t\t\t<\/div>\n\t\t\t\t<\/div>\n\t\t\t\t\t<\/div>\n\t\t<\/div>\n\t\t\t\t\t<\/div>\n\t\t<\/section>\n\t\t\t\t<section class=\"elementor-section elementor-top-section elementor-element elementor-element-7f15736b elementor-section-stretched elementor-section-content-middle elementor-section-boxed elementor-section-height-default elementor-section-height-default\" data-id=\"7f15736b\" data-element_type=\"section\" data-settings=\"{&quot;stretch_section&quot;:&quot;section-stretched&quot;}\">\n\t\t\t\t\t\t<div class=\"elementor-container elementor-column-gap-default\">\n\t\t\t\t\t<div class=\"elementor-column elementor-col-33 elementor-top-column elementor-element elementor-element-690435a7\" data-id=\"690435a7\" data-element_type=\"column\">\n\t\t\t<div class=\"elementor-widget-wrap elementor-element-populated\">\n\t\t\t\t\t\t<div class=\"elementor-element elementor-element-1a6ee0cf elementor-widget elementor-widget-image\" data-id=\"1a6ee0cf\" data-element_type=\"widget\" data-widget_type=\"image.default\">\n\t\t\t\t<div class=\"elementor-widget-container\">\n\t\t\t<style>\/*! elementor - v3.21.0 - 22-05-2024 *\/\n.elementor-widget-image{text-align:center}.elementor-widget-image a{display:inline-block}.elementor-widget-image a img[src$=\".svg\"]{width:48px}.elementor-widget-image img{vertical-align:middle;display:inline-block}<\/style>\t\t\t\t\t\t\t\t\t\t<img decoding=\"async\" width=\"100\" height=\"100\" src=\"https:\/\/bookings.continentaladventure.net\/wp-content\/uploads\/2023\/09\/visa-secure_blu_72dpi-100x100.jpg\" class=\"attachment-woocommerce_gallery_thumbnail size-woocommerce_gallery_thumbnail wp-image-5372\" alt=\"\" srcset=\"https:\/\/bookings.continentaladventure.net\/wp-content\/uploads\/2023\/09\/visa-secure_blu_72dpi-100x100.jpg 100w, https:\/\/bookings.continentaladventure.net\/wp-content\/uploads\/2023\/09\/visa-secure_blu_72dpi-300x300.jpg 300w, https:\/\/bookings.continentaladventure.net\/wp-content\/uploads\/2023\/09\/visa-secure_blu_72dpi-150x150.jpg 150w, https:\/\/bookings.continentaladventure.net\/wp-content\/uploads\/2023\/09\/visa-secure_blu_72dpi.jpg 396w\" sizes=\"(max-width: 100px) 100vw, 100px\" \/>\t\t\t\t\t\t\t\t\t\t\t\t\t<\/div>\n\t\t\t\t<\/div>\n\t\t\t\t\t<\/div>\n\t\t<\/div>\n\t\t\t\t<div class=\"elementor-column elementor-col-33 elementor-top-column elementor-element elementor-element-10c39417\" data-id=\"10c39417\" data-element_type=\"column\">\n\t\t\t<div class=\"elementor-widget-wrap elementor-element-populated\">\n\t\t\t\t\t\t<div class=\"elementor-element elementor-element-130418f2 elementor-widget elementor-widget-image\" data-id=\"130418f2\" data-element_type=\"widget\" data-widget_type=\"image.default\">\n\t\t\t\t<div class=\"elementor-widget-container\">\n\t\t\t\t\t\t\t\t\t\t\t\t\t<img fetchpriority=\"high\" decoding=\"async\" width=\"2102\" height=\"600\" src=\"https:\/\/bookings.continentaladventure.net\/wp-content\/uploads\/2023\/09\/mc_idcheck_hrz_rgb_pos.png\" class=\"attachment-full size-full wp-image-5375\" alt=\"\" srcset=\"https:\/\/bookings.continentaladventure.net\/wp-content\/uploads\/2023\/09\/mc_idcheck_hrz_rgb_pos.png 2102w, https:\/\/bookings.continentaladventure.net\/wp-content\/uploads\/2023\/09\/mc_idcheck_hrz_rgb_pos-300x86.png 300w, https:\/\/bookings.continentaladventure.net\/wp-content\/uploads\/2023\/09\/mc_idcheck_hrz_rgb_pos-1024x292.png 1024w, https:\/\/bookings.continentaladventure.net\/wp-content\/uploads\/2023\/09\/mc_idcheck_hrz_rgb_pos-768x219.png 768w, https:\/\/bookings.continentaladventure.net\/wp-content\/uploads\/2023\/09\/mc_idcheck_hrz_rgb_pos-1536x438.png 1536w, https:\/\/bookings.continentaladventure.net\/wp-content\/uploads\/2023\/09\/mc_idcheck_hrz_rgb_pos-2048x585.png 2048w, https:\/\/bookings.continentaladventure.net\/wp-content\/uploads\/2023\/09\/mc_idcheck_hrz_rgb_pos-600x171.png 600w\" sizes=\"(max-width: 2102px) 100vw, 2102px\" \/>\t\t\t\t\t\t\t\t\t\t\t\t\t<\/div>\n\t\t\t\t<\/div>\n\t\t\t\t\t<\/div>\n\t\t<\/div>\n\t\t\t\t<div class=\"elementor-column elementor-col-33 elementor-top-column elementor-element elementor-element-180d4a23\" data-id=\"180d4a23\" data-element_type=\"column\">\n\t\t\t<div class=\"elementor-widget-wrap elementor-element-populated\">\n\t\t\t\t\t\t<div class=\"elementor-element elementor-element-3b1672ec elementor-widget elementor-widget-image\" data-id=\"3b1672ec\" data-element_type=\"widget\" data-widget_type=\"image.default\">\n\t\t\t\t<div class=\"elementor-widget-container\">\n\t\t\t\t\t\t\t\t\t\t\t\t\t\t<a href=\"https:\/\/monri.com\" target=\"_blank\" rel=\"noopener\">\n\t\t\t\t\t\t\t<img decoding=\"async\" width=\"212\" height=\"98\" src=\"https:\/\/bookings.continentaladventure.net\/wp-content\/uploads\/2023\/09\/monri_footer.png\" class=\"attachment-full size-full wp-image-5442\" alt=\"\" \/>\t\t\t\t\t\t\t\t<\/a>\n\t\t\t\t\t\t\t\t\t\t\t\t\t<\/div>\n\t\t\t\t<\/div>\n\t\t\t\t\t<\/div>\n\t\t<\/div>\n\t\t\t\t\t<\/div>\n\t\t<\/section>\n\t\t\t\t<section class=\"elementor-section elementor-top-section elementor-element elementor-element-c469a0f elementor-section-stretched elementor-section-boxed elementor-section-height-default elementor-section-height-default\" data-id=\"c469a0f\" data-element_type=\"section\" data-settings=\"{&quot;stretch_section&quot;:&quot;section-stretched&quot;}\">\n\t\t\t\t\t\t<div class=\"elementor-container elementor-column-gap-default\">\n\t\t\t\t\t<div class=\"elementor-column elementor-col-100 elementor-top-column elementor-element elementor-element-b4e2dc1\" data-id=\"b4e2dc1\" data-element_type=\"column\">\n\t\t\t<div class=\"elementor-widget-wrap elementor-element-populated\">\n\t\t\t\t\t\t<div class=\"elementor-element elementor-element-9b93b42 elementor-widget elementor-widget-text-editor\" data-id=\"9b93b42\" data-element_type=\"widget\" data-widget_type=\"text-editor.default\">\n\t\t\t\t<div class=\"elementor-widget-container\">\n\t\t\t\t\t\t\t<p><!-- wp:heading --><\/p>\n<h4>Kontaktirajte nas<!-- \/wp:heading --><!-- wp:paragraph --><\/h4>\n<ul>\n<li>Ako imate pitanja ili nedoumica u vezi s na\u0161om Politikom privatnosti, kontaktirajte nas na:\n<ul>\n<li style=\"list-style-type: none;\">\n<ul>\n<li>+387 63 221 912<\/li>\n<li>info@continentaladventure.net<\/li>\n<li><a href=\"https:\/\/bookings.continentaladventure.net\/index.php\/contact\/\">Kontakt stranica\u00a0<\/a><\/li>\n<\/ul>\n<\/li>\n<li>\n<h6>CONTINENTAL ADVENTURE INFORMACIJE<\/h6>\n<ul>\n<li>Zgona bb, Livno 80101\u00a0<\/li>\n<li>Continental Adventure d.o.o\u00a0<\/li>\n<li>Djelatnosti putni\u010dkih agencija<\/li>\n<li>ID: 4281288350004<\/li>\n<li>\u017diro ra\u010dun:\n<ul>\n<li>BA393060002977268112<br \/>ADDIKO BANK d.d.<\/li>\n<li>BA393060002977266560<br \/>ADDIKO BANK d.d.<\/li>\n<\/ul>\n<\/li>\n<\/ul>\n<\/li>\n<\/ul>\n<\/li>\n<\/ul>\n<p><!-- \/wp:paragraph --><\/p>\t\t\t\t\t\t<\/div>\n\t\t\t\t<\/div>\n\t\t\t\t\t<\/div>\n\t\t<\/div>\n\t\t\t\t\t<\/div>\n\t\t<\/section>\n\t\t\t\t<\/div>","protected":false},"excerpt":{"rendered":"<p>Privacy Policy This Privacy Policy outlines how we Continental Adventure collects, uses, stores, and protects user data in accordance with&#8230;<\/p>","protected":false},"author":1,"featured_media":0,"parent":0,"menu_order":0,"comment_status":"closed","ping_status":"closed","template":"","meta":{"ngg_post_thumbnail":0,"footnotes":""},"class_list":["post-6206","page","type-page","status-publish","hentry"],"post-meta":{"_wp_page_template":["default"],"_last_editor_used_jetpack":["block-editor"],"_elementor_edit_mode":["builder"],"_elementor_template_type":["wp-page"],"_elementor_version":["3.18.3"],"_elementor_data":["[{\"id\":\"40fae3eb\",\"elType\":\"section\",\"settings\":{\"stretch_section\":\"section-stretched\"},\"elements\":[{\"id\":\"7afa0e25\",\"elType\":\"column\",\"settings\":{\"_column_size\":100},\"elements\":[{\"id\":\"68e23ffb\",\"elType\":\"widget\",\"settings\":{\"editor\":\"<p><!-- wp:heading --><\\\/p>\\n<h2>Privacy Policy<\\\/h2>\\n<p>This Privacy Policy outlines how we Continental Adventure collects, uses, stores, and protects user data in accordance with the applicable data protection laws of Bosnia and Herzegovina.<\\\/p>\\n<ul>\\n<li>\\n<h4>Personal data gathering and protection statement<\\\/h4>\\n<ul>\\n<li>We are committed to provide service of protection of our customer's personal data in a way that we collect only essential basic information about our buyers that are necessary for fulfilling our obligations. We also inform our customers about the way we collect information and regularly give customers an option about how their information will be used, including the possibility to decide whether their name should be included or omitted from the lists used for marketing campaigns.<br \\\/>All user information is strictly guarded and are available only to the employees who need that information for completing the job.<br \\\/>All our employees and business partners are responsible to follow the principles of confidentiality protection.<\\\/li>\\n<\\\/ul>\\n<\\\/li>\\n<\\\/ul>\\n<ul>\\n<li>\\n<h4>Credit card purchase security statement<\\\/h4>\\n<ul>\\n<li>Confidentiality of your information is protected and secured by using latest TLS encryption. Pages for web<br \\\/>payment are secured by using Secure Socket Layer (SSL) protocol with 128-bit data encryption. SSL encryption is a data coding procedure for prevention of unauthorized access during data transfer.<br \\\/>This enables a secure data transfer and prevents unauthorized data access during communication between user and Monri WebPay Payment Gateway and vice versa.<br \\\/>Monri WebPay Payment Gateway and financial institutions exchange data by using their virtual private network (VPN) which is also protected from unauthorized access.<br \\\/>Monri Payments is PCI DSS Level 1 certified payment service provider.<br \\\/>Credit card numbers are not stored by Merchant and are not available to unauthorized personnel.<\\\/li>\\n<\\\/ul>\\n<\\\/li>\\n<\\\/ul>\\n<p><!-- \\\/wp:paragraph --><\\\/p>\"},\"elements\":[],\"widgetType\":\"text-editor\"}],\"isInner\":false}],\"isInner\":false},{\"id\":\"7f15736b\",\"elType\":\"section\",\"settings\":{\"stretch_section\":\"section-stretched\",\"content_width\":{\"unit\":\"px\",\"size\":1000,\"sizes\":[]},\"gap_columns_custom\":{\"unit\":\"px\",\"size\":0,\"sizes\":[]},\"content_position\":\"middle\",\"structure\":\"30\"},\"elements\":[{\"id\":\"690435a7\",\"elType\":\"column\",\"settings\":{\"_column_size\":33,\"_inline_size\":null},\"elements\":[{\"id\":\"1a6ee0cf\",\"elType\":\"widget\",\"settings\":{\"image\":{\"url\":\"https:\\\/\\\/bookings.continentaladventure.net\\\/wp-content\\\/uploads\\\/2023\\\/09\\\/visa-secure_blu_72dpi.jpg\",\"id\":5372,\"size\":\"\",\"alt\":\"\",\"source\":\"library\"},\"image_size\":\"woocommerce_gallery_thumbnail\",\"link_to\":\"custom\",\"image_custom_dimension\":{\"width\":\"250\",\"height\":\"250\"}},\"elements\":[],\"widgetType\":\"image\"}],\"isInner\":false},{\"id\":\"10c39417\",\"elType\":\"column\",\"settings\":{\"_column_size\":33,\"_inline_size\":null},\"elements\":[{\"id\":\"130418f2\",\"elType\":\"widget\",\"settings\":{\"image\":{\"url\":\"https:\\\/\\\/bookings.continentaladventure.net\\\/wp-content\\\/uploads\\\/2023\\\/09\\\/mc_idcheck_hrz_rgb_pos.png\",\"id\":5375,\"size\":\"\",\"alt\":\"\",\"source\":\"library\"},\"image_size\":\"full\",\"link_to\":\"custom\"},\"elements\":[],\"widgetType\":\"image\"}],\"isInner\":false},{\"id\":\"180d4a23\",\"elType\":\"column\",\"settings\":{\"_column_size\":33,\"_inline_size\":null},\"elements\":[{\"id\":\"3b1672ec\",\"elType\":\"widget\",\"settings\":{\"image\":{\"url\":\"https:\\\/\\\/bookings.continentaladventure.net\\\/wp-content\\\/uploads\\\/2023\\\/09\\\/monri_footer.png\",\"id\":5442,\"size\":\"\",\"alt\":\"\",\"source\":\"library\"},\"image_size\":\"full\",\"link_to\":\"custom\",\"link\":{\"url\":\"https:\\\/\\\/monri.com\",\"is_external\":\"\",\"nofollow\":\"\",\"custom_attributes\":\"\"}},\"elements\":[],\"widgetType\":\"image\"}],\"isInner\":false}],\"isInner\":false},{\"id\":\"c469a0f\",\"elType\":\"section\",\"settings\":{\"stretch_section\":\"section-stretched\"},\"elements\":[{\"id\":\"b4e2dc1\",\"elType\":\"column\",\"settings\":{\"_column_size\":100},\"elements\":[{\"id\":\"9b93b42\",\"elType\":\"widget\",\"settings\":{\"editor\":\"<p><!-- wp:heading --><\\\/p>\\n<h4>Contact Us<!-- \\\/wp:heading --><!-- wp:paragraph --><\\\/h4>\\n<ul>\\n<li>If you have any questions or concerns regarding our Privacy Policy, please contact us at:\\n<ul>\\n<li style=\\\"list-style-type: none;\\\">\\n<ul>\\n<li>+387 63 221 912<\\\/li>\\n<li>info@continentaladventure.net<\\\/li>\\n<li><a href=\\\"https:\\\/\\\/bookings.continentaladventure.net\\\/index.php\\\/contact\\\/\\\">Contact Page\\u00a0<\\\/a><\\\/li>\\n<\\\/ul>\\n<\\\/li>\\n<li>\\n<h6>CONTINENTAL ADVENTURE INFO<\\\/h6>\\n<ul>\\n<li>Zgona bb, Livno 80101\\u00a0<\\\/li>\\n<li>Continental Adventure d.o.o\\u00a0<\\\/li>\\n<li>Djelatnosti putni\\u010dkih agencija<\\\/li>\\n<li>ID: 4281288350004<\\\/li>\\n<li>\\u017diro ra\\u010dun:\\n<ul>\\n<li>BA393060002977268112<br \\\/>ADDIKO BANK d.d.<\\\/li>\\n<li>BA393060002977266560<br \\\/>ADDIKO BANK d.d.<\\\/li>\\n<\\\/ul>\\n<\\\/li>\\n<\\\/ul>\\n<\\\/li>\\n<\\\/ul>\\n<\\\/li>\\n<\\\/ul>\\n<p><!-- \\\/wp:paragraph --><\\\/p>\"},\"elements\":[],\"widgetType\":\"text-editor\"}],\"isInner\":false}],\"isInner\":false}]"],"_elementor_page_assets":["a:0:{}"],"_edit_last":["1"],"site-container":["default"],"site-header-transparent":["default"],"site-page-header":["default"],"site-sidebar":["default"],"footnotes":[""],"rank_math_seo_score":["78"],"rank_math_focus_keyword":["Privacy Policy,Privacy Policy Continental Adventures"],"rank_math_internal_links_processed":["1"],"rank_math_og_content_image":["a:2:{s:5:\"check\";s:32:\"006b4f5688897934cea6f1f11dbc3076\";s:6:\"images\";a:1:{i:0;i:5372;}}"],"_elementor_css":["a:6:{s:4:\"time\";i:1716634021;s:5:\"fonts\";a:0:{}s:5:\"icons\";a:0:{}s:20:\"dynamic_elements_ids\";a:0:{}s:6:\"status\";s:4:\"file\";i:0;s:0:\"\";}"],"_edit_lock":["1716635868:1"]},"_links":{"self":[{"href":"https:\/\/bookings.continentaladventure.net\/hr\/wp-json\/wp\/v2\/pages\/6206","targetHints":{"allow":["GET"]}}],"collection":[{"href":"https:\/\/bookings.continentaladventure.net\/hr\/wp-json\/wp\/v2\/pages"}],"about":[{"href":"https:\/\/bookings.continentaladventure.net\/hr\/wp-json\/wp\/v2\/types\/page"}],"author":[{"embeddable":true,"href":"https:\/\/bookings.continentaladventure.net\/hr\/wp-json\/wp\/v2\/users\/1"}],"replies":[{"embeddable":true,"href":"https:\/\/bookings.continentaladventure.net\/hr\/wp-json\/wp\/v2\/comments?post=6206"}],"version-history":[{"count":1,"href":"https:\/\/bookings.continentaladventure.net\/hr\/wp-json\/wp\/v2\/pages\/6206\/revisions"}],"predecessor-version":[{"id":6341,"href":"https:\/\/bookings.continentaladventure.net\/hr\/wp-json\/wp\/v2\/pages\/6206\/revisions\/6341"}],"wp:attachment":[{"href":"https:\/\/bookings.continentaladventure.net\/hr\/wp-json\/wp\/v2\/media?parent=6206"}],"curies":[{"name":"wp","href":"https:\/\/api.w.org\/{rel}","templated":true}]}}