{"id":12754,"date":"2026-01-30T16:36:19","date_gmt":"2026-01-30T15:36:19","guid":{"rendered":"https:\/\/bookings.continentaladventure.net\/?post_type=product&#038;p=12754"},"modified":"2026-02-02T13:42:33","modified_gmt":"2026-02-02T12:42:33","slug":"photo-adventure","status":"publish","type":"product","link":"https:\/\/bookings.continentaladventure.net\/hr\/proizvod\/photo-adventure\/","title":{"rendered":"Photo Adventure"},"content":{"rendered":"<h3><strong>Petodnevni Adventure Photography Program \u2013 Livno 2026<\/strong><\/h3>\n<h3><strong>Travanj 20 - 24 &amp; Listopad 26 - 30<\/strong><\/h3>\n<p>U ovom petodnevnom programu adventure fotografije vodim vas na najbolje lokacije mog rodnog kraja. Uz nezaobilazne divlje konje, pokazat \u0107u vam kako stvarati sna\u017ene fotografije koje pri\u010daju pri\u010du, bude emocije i nose jasnu poruku.<\/p>\n<p>Bez obzira jeste li po\u010detnik ili napredni fotograf, na ovoj radionici podijelit \u0107u s vama sve \u0161to znam o fotografiranju. Kroz cijeli program bit \u0107emo okru\u017eeni avanturom, prirodom i dobrim dru\u0161tvom \u2013 sudionici dolaze iz svih dijelova svijeta, a svi \u0107emo biti smje\u0161teni u resortu Continental Adventure.<\/p>\n<p>Fotografirate pametnim telefonom ili profesionalnim fotoaparatom? Potpuno je svejedno. Prave fotografije nastaju va\u0161im promi\u0161ljanjem, osje\u0107ajem i na\u010dinom na koji gledate svijet \u2013 a upravo tome \u0107emo se najvi\u0161e posvetiti.<\/p>\n<h3><strong>Program uklju\u010duje:<\/strong><\/h3>\n<p class=\" translation-block\">Radionica koju osobno vodim ja \u2013 Marin Mamuza, fotograf i filmski redatelj<br>\n4 no\u0107enja u Continental Adventure Resortu \u2013 svaki sudionik ima vlastiti krevet, smje\u0161ten u dvokrevetnim sobama (ili s prijateljem\/partnerom ako \u017eeli)<br>\nPosjeti svim lokacijama i organizirani izleti<br>\nSvi obroci tijekom programa<\/p>\n<p>&nbsp;<\/p>","protected":false},"excerpt":{"rendered":"<p><strong>Petodnevni Adventure Photography Program \u2013 Livno 2026<\/strong><\/p>\n<p><strong>Travanj 20 - 24 &amp; Listopad 26 - 30<\/strong><\/p>\n<p>U ovom petodnevnom programu adventure fotografije vodim vas na najbolje lokacije mog rodnog kraja. Uz nezaobilazne divlje konje, pokazat \u0107u vam kako stvarati sna\u017ene fotografije koje pri\u010daju pri\u010du, bude emocije i nose jasnu poruku.<strong><br \/>\n<\/strong><\/p>","protected":false},"featured_media":12780,"template":"","meta":{"ngg_post_thumbnail":0},"product_cat":[38],"product_tag":[],"class_list":{"0":"post-12754","1":"product","2":"type-product","3":"status-publish","4":"has-post-thumbnail","6":"product_cat-adventures","8":"first","9":"instock","10":"sale","11":"shipping-taxable","12":"purchasable","13":"product-type-variable"},"_links":{"self":[{"href":"https:\/\/bookings.continentaladventure.net\/hr\/wp-json\/wp\/v2\/product\/12754","targetHints":{"allow":["GET"]}}],"collection":[{"href":"https:\/\/bookings.continentaladventure.net\/hr\/wp-json\/wp\/v2\/product"}],"about":[{"href":"https:\/\/bookings.continentaladventure.net\/hr\/wp-json\/wp\/v2\/types\/product"}],"wp:featuredmedia":[{"embeddable":true,"href":"https:\/\/bookings.continentaladventure.net\/hr\/wp-json\/wp\/v2\/media\/12780"}],"wp:attachment":[{"href":"https:\/\/bookings.continentaladventure.net\/hr\/wp-json\/wp\/v2\/media?parent=12754"}],"wp:term":[{"taxonomy":"product_cat","embeddable":true,"href":"https:\/\/bookings.continentaladventure.net\/hr\/wp-json\/wp\/v2\/product_cat?post=12754"},{"taxonomy":"product_tag","embeddable":true,"href":"https:\/\/bookings.continentaladventure.net\/hr\/wp-json\/wp\/v2\/product_tag?post=12754"}],"curies":[{"name":"wp","href":"https:\/\/api.w.org\/{rel}","templated":true}]}}