{"id":5165,"date":"2023-09-14T11:11:27","date_gmt":"2023-09-14T11:11:27","guid":{"rendered":"https:\/\/bookings.continentaladventure.net\/?post_type=product&#038;p=5165"},"modified":"2026-02-19T14:49:32","modified_gmt":"2026-02-19T13:49:32","slug":"glamping-dome-zoran-tadic","status":"publish","type":"product","link":"https:\/\/bookings.continentaladventure.net\/hr\/proizvod\/glamping-dome-zoran-tadic\/","title":{"rendered":"Glamping Dome &#8220;Zoran Tadi\u0107&#8221;"},"content":{"rendered":"<p><strong>Vi\u0161e o Glamping Dome \u201cZoran Tadi\u0107\u201d<\/strong><\/p>\n<p class=\" translation-block\">Nalazi se u <a href=\"https:\/\/maps.app.goo.gl\/ZjVuGt5MS31ukBGDA\" target=\"_blank\" rel=\"noopener\">Continental Adventures Resort<\/a>.<\/p>\n<p class=\"mbr-text mbr-fonts-style display-7\">Kupola svojim jedinstvenim dizajnom podsje\u0107a na eskimske iglue. Zbog svoje aerodinami\u010dnosti i sferi\u010dnog oblika izuzetno je otporan na ekstremne vremenske uvjete i jake udare vjetra.<\/p>\n<p class=\"mbr-text mbr-fonts-style display-7 translation-block\">Kupola je zami\u0161ljena kao <strong>jedna velika prostorija<\/strong>, povr\u0161ine 50 \u010detvornih metara, u kojoj su smje\u0161teni dnevni boravak, blagovaonica i kuhinja. Unutar kupole nalazi se i poseban prostor s WC-om i kupaonicom, a na njegovom vrhu, u obliku <strong>galerije<\/strong> smje\u0161ten je bra\u010dni krevet.<\/p>\n<p class=\"mbr-text mbr-fonts-style display-7 translation-block\">Kamin na pelet, kao i <strong>veliko kino platno<\/strong> i projektor za projekciju Netflixa i YouTubea cijelom okru\u017eenju daju posebnu udobnost.<\/p>\n<p class=\"mbr-text mbr-fonts-style display-7\">Kapacitet objekta je 2+2, bra\u010dni krevet i kau\u010d kao pomo\u0107ni le\u017eaj.<\/p>\n<p class=\" translation-block\">p.s. Kupola je dobila ime po Zoranu Tadi\u0107u, hrvatskom filmskom <strong>redatelju ro\u0111enom u Livnu<\/strong>. Povijest hrvatske kinematografije obilje\u017eio je brojnim dokumentarcima i filmovima od kojih se isti\u010de film \u201cRitam zlo\u010dina\u201d.<\/p>\n<h4 class=\"mbr-section-subtitle mbr-fonts-style mb-4 display-7\"><pre class=\"ti-widget\"><div class=\"ti-widget ti-goog\" data-no-translation=\"true\" data-layout-id=\"34\" data-set-id=\"light-background\" data-pid=\"\" data-pager-autoplay-timeout=\"6\" data-review-target-width=\"300\" data-language=\"en\" > <div class=\"ti-widget-container ti-col-3\"> <div class=\"ti-header source-Google\"> <div class=\"ti-rating-text\"> <strong class=\"ti-rating ti-rating-large\"> Excellent <\/strong> <\/div> <span class=\"ti-stars star-lg\"> <span class=\"ti-star f\"><\/span><span class=\"ti-star f\"><\/span><span class=\"ti-star f\"><\/span><span class=\"ti-star f\"><\/span><span class=\"ti-star f\"><\/span> <\/span> <div class=\"ti-rating-text\"> <span class=\"nowrap\">Based on <strong>80 reviews<\/strong><\/span> <\/div> <div class=\"ti-large-logo\"> <div class=\"ti-v-center\"> <img decoding=\"async\" class=\"ti-logo-fb\" src=\"https:\/\/cdn.trustindex.io\/assets\/platform\/Google\/logo.svg\" width=\"150\" height=\"25\" alt=\"Google\" \/> <\/div> <\/div> <\/div> <div class=\"ti-reviews-container\"> <div class=\"ti-controls\"> <div class=\"ti-next\" aria-label=\"Next review\"><\/div> <div class=\"ti-prev\" aria-label=\"Previous review\"><\/div> <\/div> <div class=\"ti-reviews-container-wrapper\">  <div data-empty=\"0\" class=\"ti-review-item source-Google\" > <div class=\"ti-inner\"> <div class=\"ti-review-header\"> <div class=\"ti-profile-img\"> <img decoding=\"async\" src=\"https:\/\/lh3.googleusercontent.com\/a\/ACg8ocIn46BK83y_G448oTUpV_DQ3DrjfIEKExuszk0lSvc16teUrQ=s120-c-rp-mo-br100\" alt=\"Vanessa Lax\" \/> <\/div> <div class=\"ti-profile-details\"> <div class=\"ti-name\"> Vanessa Lax <\/div> <div class=\"ti-date\">2024-05-16<\/div> <\/div> <\/div> <span class=\"ti-stars\"><span class=\"ti-star f\"><\/span><span class=\"ti-star f\"><\/span><span class=\"ti-star f\"><\/span><span class=\"ti-star f\"><\/span><span class=\"ti-star f\"><\/span><\/span> <div class=\"ti-review-text-container ti-review-content\"><!-- R-CONTENT -->Gute und einfache Organisation im Vorhinein \u00fcber Whatsapp. Wir konnten die Wildpferde-Safari sogar kurzfristig f\u00fcr den selben Tag buchen. Der Guide war sehr nett und lie\u00df uns an seinem fachkundigen Wissen \u00fcber die Region und die Wildpferde teilhaben. Die Wildpferde selbst sind \u00e4u\u00dferst beeindruckend und lie\u00dfen sich auch von Nahe betrachten.<!-- R-CONTENT --><\/div> <span class=\"ti-read-more\" data-container=\".ti-review-content\" data-collapse-text=\"Hide\" data-open-text=\"Read more\" ><\/span> <\/div> <\/div>  <div data-empty=\"0\" class=\"ti-review-item source-Google\" > <div class=\"ti-inner\"> <div class=\"ti-review-header\"> <div class=\"ti-profile-img\"> <img decoding=\"async\" src=\"https:\/\/lh3.googleusercontent.com\/a\/ACg8ocKKfpXaJusmqb1W1ThNQZiN-1DP9ghg86UFmsS46YiRf26JWw=s120-c-rp-mo-ba4-br100\" alt=\"Ante Glasnovic\" \/> <\/div> <div class=\"ti-profile-details\"> <div class=\"ti-name\"> Ante Glasnovic <\/div> <div class=\"ti-date\">2024-02-16<\/div> <\/div> <\/div> <span class=\"ti-stars\"><span class=\"ti-star f\"><\/span><span class=\"ti-star f\"><\/span><span class=\"ti-star f\"><\/span><span class=\"ti-star f\"><\/span><span class=\"ti-star f\"><\/span><\/span> <div class=\"ti-review-text-container ti-review-content\"><!-- R-CONTENT -->Top<!-- R-CONTENT --><\/div> <span class=\"ti-read-more\" data-container=\".ti-review-content\" data-collapse-text=\"Hide\" data-open-text=\"Read more\" ><\/span> <\/div> <\/div>  <div data-empty=\"0\" class=\"ti-review-item source-Google\" > <div class=\"ti-inner\"> <div class=\"ti-review-header\"> <div class=\"ti-profile-img\"> <img decoding=\"async\" src=\"https:\/\/lh3.googleusercontent.com\/a-\/ALV-UjU7SXwf3Vc3KD5mTfQxLVhOBxOJbO8jIpmpWJ1xoafw4AiJ2Ps=s120-c-rp-mo-br100\" alt=\"Ezana Ceman\" \/> <\/div> <div class=\"ti-profile-details\"> <div class=\"ti-name\"> Ezana Ceman <\/div> <div class=\"ti-date\">2023-12-12<\/div> <\/div> <\/div> <span class=\"ti-stars\"><span class=\"ti-star f\"><\/span><span class=\"ti-star f\"><\/span><span class=\"ti-star f\"><\/span><span class=\"ti-star f\"><\/span><span class=\"ti-star f\"><\/span><\/span> <div class=\"ti-review-text-container ti-review-content\"><!-- R-CONTENT -->My husband and I went on a day trip to Livno to go on the \u201cWild Horses Safari Tour\u201d this past Saturday and we had an amazing time! Matej was a great tour guide and it was truly amazing getting to see so many wild horses in person and especially in December. We were following different animal tracks and were taking in the amazing sites of Bosnia and Herzegovina. 10\/10 recommend to anyone interested in seeing the beautiful nature Bosnia and Herzegovina has to offer! You will not be disappointed! We will definitely be coming back to go on the snowmobile tour once there\u2019s more snow. Thank you to Continental Adventure for offering such an amazing opportunity!<!-- R-CONTENT --><\/div> <span class=\"ti-read-more\" data-container=\".ti-review-content\" data-collapse-text=\"Hide\" data-open-text=\"Read more\" ><\/span> <\/div> <\/div>  <\/div> <div class=\"ti-controls-line\"> <div class=\"dot\"><\/div> <\/div> <\/div>  <\/div> <\/div> <\/pre><\/h4>","protected":false},"excerpt":{"rendered":"<div class=\"card p-4 p-md-3 col-md-6 col-lg-4\">\n<div class=\"card-box\">\n<div class=\"title\"><span class=\"num mbr-fonts-style display-5\"><strong>Redovna cijena<\/strong><\/span><\/div>\n<h4 class=\"card-title mbr-fonts-style display-5\"><strong>SIJ-LIP<\/strong><\/h4>\n<p class=\"mbr-text card-text mbr-fonts-style display-7\">1. no\u0107 - 160,00 \u20ac<\/p>\n<p>2. no\u0107 - 135,00 \u20ac<\/p>\n<p>3. no\u0107... - 110,00 \u20ac<\/p>\n<\/div>\n<\/div>\n<div class=\"card p-4 p-md-3 col-md-6 col-lg-4\">\n<div class=\"card-box\">\n<div class=\"title\"><span class=\"num mbr-fonts-style display-5\"><strong>Ljetna sezona<\/strong><\/span><\/div>\n<h4 class=\"card-title mbr-fonts-style display-5\"><strong>SRP-RUJ<\/strong><\/h4>\n<p class=\"mbr-text card-text mbr-fonts-style display-7\">1. no\u0107 - 210,00 \u20ac<\/p>\n<p>2. no\u0107 - 185,00 \u20ac<\/p>\n<p>3. no\u0107... - 160,00 \u20ac<\/p>\n<\/div>\n<\/div>\n<div class=\"card p-4 p-md-3 col-md-6 col-lg-4\">\n<div class=\"card-box\">\n<div class=\"title\"><span class=\"num mbr-fonts-style display-5\"><strong>Redovna cijena<\/strong><\/span><\/div>\n<h4 class=\"card-title mbr-fonts-style display-5\"><strong>LIST-PRO<\/strong><\/h4>\n<p class=\"mbr-text card-text mbr-fonts-style display-7\">1. no\u0107 - 160,00 \u20ac<\/p>\n<p>2. no\u0107 - 135,00 \u20ac<\/p>\n<p>3. no\u0107... - 110,00 \u20ac<\/p>\n<\/div>\n<\/div>\n<p>&nbsp;<\/p>\n<p>Odaberite samo datume na koje \u0107ete boraviti. Odjava je dan nakon posljednjeg odabranog dana.<\/p>","protected":false},"featured_media":5166,"template":"","meta":{"ngg_post_thumbnail":0},"product_cat":[43],"product_tag":[26],"class_list":{"0":"post-5165","1":"product","2":"type-product","3":"status-publish","4":"has-post-thumbnail","6":"product_cat-resorts","7":"product_tag-summer","9":"first","10":"instock","11":"virtual","12":"sold-individually","13":"purchasable","14":"product-type-booking"},"_links":{"self":[{"href":"https:\/\/bookings.continentaladventure.net\/hr\/wp-json\/wp\/v2\/product\/5165","targetHints":{"allow":["GET"]}}],"collection":[{"href":"https:\/\/bookings.continentaladventure.net\/hr\/wp-json\/wp\/v2\/product"}],"about":[{"href":"https:\/\/bookings.continentaladventure.net\/hr\/wp-json\/wp\/v2\/types\/product"}],"wp:featuredmedia":[{"embeddable":true,"href":"https:\/\/bookings.continentaladventure.net\/hr\/wp-json\/wp\/v2\/media\/5166"}],"wp:attachment":[{"href":"https:\/\/bookings.continentaladventure.net\/hr\/wp-json\/wp\/v2\/media?parent=5165"}],"wp:term":[{"taxonomy":"product_cat","embeddable":true,"href":"https:\/\/bookings.continentaladventure.net\/hr\/wp-json\/wp\/v2\/product_cat?post=5165"},{"taxonomy":"product_tag","embeddable":true,"href":"https:\/\/bookings.continentaladventure.net\/hr\/wp-json\/wp\/v2\/product_tag?post=5165"}],"curies":[{"name":"wp","href":"https:\/\/api.w.org\/{rel}","templated":true}]}}