{"id":6221,"date":"2024-02-14T15:33:12","date_gmt":"2024-02-14T14:33:12","guid":{"rendered":"https:\/\/bookings.continentaladventure.net\/?post_type=product&#038;p=6221"},"modified":"2025-09-26T17:12:11","modified_gmt":"2025-09-26T15:12:11","slug":"e-bike-free-ride","status":"publish","type":"product","link":"https:\/\/bookings.continentaladventure.net\/hr\/proizvod\/e-bike-free-ride\/","title":{"rendered":"E-Bike Free Ride"},"content":{"rendered":"<p><strong>Opis izleta<\/strong><\/p>\n<p>U avanturisti\u010dkoj vo\u017enji elektri\u010dnim biciklom do\u017eivjet \u0107ete brdovite predjele Livna i okolice, jedinstvenu prirodu prepunu planina, rijeka, jezera i \u0161uma.<\/p>\n<p class=\" translation-block\">Ovakvu avanturu mogu\u0107e je do\u017eivjeti zahvaljuju\u0107i tvrtki Rimac Automobili. Oni su proizvo\u0111a\u010di jednog od najboljih elektri\u010dnih bicikala Greyp koji posjeduje tehnologiju najbr\u017eeg automobila na svijetu Nevera.<br><\/p>\n<p>Izleti se dijele na: poludnevne izlete (oko 3 sata) i jednodnevne izlete (od 5 do 7 sati). Mo\u017eete posjetiti na\u0161e rijeke i jezera (Sturba, Mande\u010dko jezero i Bu\u0161ko jezero), ili se popeti na neku od okolnih planina. Postoji i mogu\u0107nost jahanja uz galopiraju\u0107e krdo divljih konja Cincar planinom.<\/p>\n<p>Koju god opciju da odaberete, sigurni smo da \u0107ete u\u017eivati!<\/p>\n<p>Rutama se mo\u017eete voziti sami uz pomo\u0107 na\u0161e navigacije ili mo\u017eete odabrati opciju u pratnji na\u0161ih iskusnih vodi\u010da.<\/p>\n<p class=\" translation-block\">\u0160to ponuda uklju\u010duje?<br>\nDepozit 50 \u20ac<br>\nDigitalna navigacija za vo\u017enju i odabir rute po \u017eelji<br>\nParkirno mjesto<br>\n*Vodi\u010d (opcionalno)<\/p>\n<p class=\" translation-block\"><strong>POLAZI\u0160TE<\/strong><br>\n<a href=\"https:\/\/maps.app.goo.gl\/fjtxqvAdEMKLvKhq5\" target=\"_blank\" rel=\"noopener\">Kontinentalna avantura<\/a><\/p>\n<p>&nbsp;<\/p>\n<h4 class=\"mbr-section-subtitle mbr-fonts-style mb-4 display-7\"><pre class=\"ti-widget\"><div class=\"ti-widget ti-goog\" data-no-translation=\"true\" data-layout-id=\"34\" data-set-id=\"light-background\" data-pid=\"\" data-pager-autoplay-timeout=\"6\" data-review-target-width=\"300\" data-language=\"en\" > <div class=\"ti-widget-container ti-col-3\"> <div class=\"ti-header source-Google\"> <div class=\"ti-rating-text\"> <strong class=\"ti-rating ti-rating-large\"> Excellent <\/strong> <\/div> <span class=\"ti-stars star-lg\"> <span class=\"ti-star f\"><\/span><span class=\"ti-star f\"><\/span><span class=\"ti-star f\"><\/span><span class=\"ti-star f\"><\/span><span class=\"ti-star f\"><\/span> <\/span> <div class=\"ti-rating-text\"> <span class=\"nowrap\">Based on <strong>80 reviews<\/strong><\/span> <\/div> <div class=\"ti-large-logo\"> <div class=\"ti-v-center\"> <img decoding=\"async\" class=\"ti-logo-fb\" src=\"https:\/\/cdn.trustindex.io\/assets\/platform\/Google\/logo.svg\" width=\"150\" height=\"25\" alt=\"Google\" \/> <\/div> <\/div> <\/div> <div class=\"ti-reviews-container\"> <div class=\"ti-controls\"> <div class=\"ti-next\" aria-label=\"Next review\"><\/div> <div class=\"ti-prev\" aria-label=\"Previous review\"><\/div> <\/div> <div class=\"ti-reviews-container-wrapper\">  <div data-empty=\"0\" class=\"ti-review-item source-Google\" > <div class=\"ti-inner\"> <div class=\"ti-review-header\"> <div class=\"ti-profile-img\"> <img decoding=\"async\" src=\"https:\/\/lh3.googleusercontent.com\/a\/ACg8ocIn46BK83y_G448oTUpV_DQ3DrjfIEKExuszk0lSvc16teUrQ=s120-c-rp-mo-br100\" alt=\"Vanessa Lax\" \/> <\/div> <div class=\"ti-profile-details\"> <div class=\"ti-name\"> Vanessa Lax <\/div> <div class=\"ti-date\">2024-05-16<\/div> <\/div> <\/div> <span class=\"ti-stars\"><span class=\"ti-star f\"><\/span><span class=\"ti-star f\"><\/span><span class=\"ti-star f\"><\/span><span class=\"ti-star f\"><\/span><span class=\"ti-star f\"><\/span><\/span> <div class=\"ti-review-text-container ti-review-content\"><!-- R-CONTENT -->Gute und einfache Organisation im Vorhinein \u00fcber Whatsapp. Wir konnten die Wildpferde-Safari sogar kurzfristig f\u00fcr den selben Tag buchen. Der Guide war sehr nett und lie\u00df uns an seinem fachkundigen Wissen \u00fcber die Region und die Wildpferde teilhaben. Die Wildpferde selbst sind \u00e4u\u00dferst beeindruckend und lie\u00dfen sich auch von Nahe betrachten.<!-- R-CONTENT --><\/div> <span class=\"ti-read-more\" data-container=\".ti-review-content\" data-collapse-text=\"Hide\" data-open-text=\"Read more\" ><\/span> <\/div> <\/div>  <div data-empty=\"0\" class=\"ti-review-item source-Google\" > <div class=\"ti-inner\"> <div class=\"ti-review-header\"> <div class=\"ti-profile-img\"> <img decoding=\"async\" src=\"https:\/\/lh3.googleusercontent.com\/a\/ACg8ocKKfpXaJusmqb1W1ThNQZiN-1DP9ghg86UFmsS46YiRf26JWw=s120-c-rp-mo-ba4-br100\" alt=\"Ante Glasnovic\" \/> <\/div> <div class=\"ti-profile-details\"> <div class=\"ti-name\"> Ante Glasnovic <\/div> <div class=\"ti-date\">2024-02-16<\/div> <\/div> <\/div> <span class=\"ti-stars\"><span class=\"ti-star f\"><\/span><span class=\"ti-star f\"><\/span><span class=\"ti-star f\"><\/span><span class=\"ti-star f\"><\/span><span class=\"ti-star f\"><\/span><\/span> <div class=\"ti-review-text-container ti-review-content\"><!-- R-CONTENT -->Top<!-- R-CONTENT --><\/div> <span class=\"ti-read-more\" data-container=\".ti-review-content\" data-collapse-text=\"Hide\" data-open-text=\"Read more\" ><\/span> <\/div> <\/div>  <div data-empty=\"0\" class=\"ti-review-item source-Google\" > <div class=\"ti-inner\"> <div class=\"ti-review-header\"> <div class=\"ti-profile-img\"> <img decoding=\"async\" src=\"https:\/\/lh3.googleusercontent.com\/a-\/ALV-UjU7SXwf3Vc3KD5mTfQxLVhOBxOJbO8jIpmpWJ1xoafw4AiJ2Ps=s120-c-rp-mo-br100\" alt=\"Ezana Ceman\" \/> <\/div> <div class=\"ti-profile-details\"> <div class=\"ti-name\"> Ezana Ceman <\/div> <div class=\"ti-date\">2023-12-12<\/div> <\/div> <\/div> <span class=\"ti-stars\"><span class=\"ti-star f\"><\/span><span class=\"ti-star f\"><\/span><span class=\"ti-star f\"><\/span><span class=\"ti-star f\"><\/span><span class=\"ti-star f\"><\/span><\/span> <div class=\"ti-review-text-container ti-review-content\"><!-- R-CONTENT -->My husband and I went on a day trip to Livno to go on the \u201cWild Horses Safari Tour\u201d this past Saturday and we had an amazing time! Matej was a great tour guide and it was truly amazing getting to see so many wild horses in person and especially in December. We were following different animal tracks and were taking in the amazing sites of Bosnia and Herzegovina. 10\/10 recommend to anyone interested in seeing the beautiful nature Bosnia and Herzegovina has to offer! You will not be disappointed! We will definitely be coming back to go on the snowmobile tour once there\u2019s more snow. Thank you to Continental Adventure for offering such an amazing opportunity!<!-- R-CONTENT --><\/div> <span class=\"ti-read-more\" data-container=\".ti-review-content\" data-collapse-text=\"Hide\" data-open-text=\"Read more\" ><\/span> <\/div> <\/div>  <\/div> <div class=\"ti-controls-line\"> <div class=\"dot\"><\/div> <\/div> <\/div>  <\/div> <\/div> <\/pre><\/h4>","protected":false},"excerpt":{"rendered":"<p>Excursion description In an adventurous ride of an electric bicycle, you will experience the hilly parts of Livno and its&#8230;<\/p>","protected":false},"featured_media":5210,"template":"","meta":{"ngg_post_thumbnail":0},"product_cat":[41],"product_tag":[],"class_list":{"0":"post-6221","1":"product","2":"type-product","3":"status-publish","4":"has-post-thumbnail","6":"product_cat-e-bikes","8":"first","9":"instock","10":"virtual","11":"sold-individually","12":"purchasable","13":"product-type-booking"},"_links":{"self":[{"href":"https:\/\/bookings.continentaladventure.net\/hr\/wp-json\/wp\/v2\/product\/6221","targetHints":{"allow":["GET"]}}],"collection":[{"href":"https:\/\/bookings.continentaladventure.net\/hr\/wp-json\/wp\/v2\/product"}],"about":[{"href":"https:\/\/bookings.continentaladventure.net\/hr\/wp-json\/wp\/v2\/types\/product"}],"wp:featuredmedia":[{"embeddable":true,"href":"https:\/\/bookings.continentaladventure.net\/hr\/wp-json\/wp\/v2\/media\/5210"}],"wp:attachment":[{"href":"https:\/\/bookings.continentaladventure.net\/hr\/wp-json\/wp\/v2\/media?parent=6221"}],"wp:term":[{"taxonomy":"product_cat","embeddable":true,"href":"https:\/\/bookings.continentaladventure.net\/hr\/wp-json\/wp\/v2\/product_cat?post=6221"},{"taxonomy":"product_tag","embeddable":true,"href":"https:\/\/bookings.continentaladventure.net\/hr\/wp-json\/wp\/v2\/product_tag?post=6221"}],"curies":[{"name":"wp","href":"https:\/\/api.w.org\/{rel}","templated":true}]}}