{"id":8642,"date":"2024-12-27T04:38:28","date_gmt":"2024-12-27T03:38:28","guid":{"rendered":"https:\/\/bookings.continentaladventure.net\/?post_type=product&#038;p=8642"},"modified":"2026-04-15T17:20:19","modified_gmt":"2026-04-15T15:20:19","slug":"villacincar","status":"publish","type":"product","link":"https:\/\/bookings.continentaladventure.net\/hr\/proizvod\/villacincar\/","title":{"rendered":"Villa Cincar"},"content":{"rendered":"<h4 class=\"mbr-section-subtitle mbr-fonts-style mb-4 display-7\">More about Villa Cincar<\/h4>\n<p class=\" translation-block\">Villa Cincar mo\u017ee smjestiti do 17 osoba i sadr\u017ei 2 kata, te galerije. Prvi kat krasi dnevni boravak, gdje se nalazi i kamin koji daje poseban ugo\u0111aj.<\/p>\n<p>Tko ne bi u\u017eivao uz kamin, \u010da\u0161u vina, i pogled na Bu\u0161ko jezero? Ne brinite, i za vino smo se pobrinuli.  Vino \u0107ete prona\u0107i u kuhinji koja sadr\u017ei fri\u017eider sa raznim vrstama vina, i naravno neizostavnim lokalnim proizvo\u0111a\u010dem vina Knebu. Nakon opu\u0161tanja uz \u010da\u0161u vina, prelazimo u wellness prostor koji ima veliki bazen, saunu te prostor za opu\u0161tanje s le\u017ealjkama. Voda u bazenu je slana i bazen je grijan, tako da se mo\u017ee koristiti tijekom cijele godine.<\/p>\n<p>Na prvoj eta\u017ei tako\u0111er se nalazi velika vanjska terasa s ro\u0161tiljem, WC, te dje\u010dija soba za igru koja tako\u0111er mo\u017ee biti i spava\u0107a soba za djecu ili jednu odraslu osobu. Druga eta\u017ea ville ima 4 spava\u0107e sobe, te svakak od soba ima svoju kupaonicu s wc-om. Dvije spava\u0107e sobe su u obliku mini apartmana, tako da se u njihovom prizemlju nalazi mali dnevni boravak s kau\u010dom, TV-om i radnim stolom. Druge dvije spava\u0107e sobe su u formi spavaonice, te se u njima nalaze po dva kreveta za jednu osobu.<\/p>\n<p>U svakoj od spava\u0107ih soba nalazi se galerija, gdje je smje\u0161ten king size krevet iz kojega se pru\u017ea jedinstveni pogled na Bu\u0161ko jezero i planinu Tu\u0161nicu. Villa Cincar ukupno ima 4 velika bra\u010dna kreveta, 5 kreveta za jednu osobu, te 2 pomo\u0107na le\u017eaja za dvije osobe.<\/p>\n<p>Villa Cincar je napravljena kao idealno mjesto susreta prijatelja, obitelji ili poslovnih kolega koji tre\u017ea jedinstveno mjesto za svoj odmor i dru\u017eenje.<\/p>\n<p>Kao na\u0161a najve\u0107a smje\u0161tajna jedinica do sada, s pravom i nosi ime po na\u0161oj naje\u0107oj planini Cincar, te \u0107e vas kroz svoje prostoriji pribli\u017eiti na\u0161oj planinskoj ljepoti.<\/p>\n<h4 class=\"mbr-section-subtitle mbr-fonts-style mb-4 display-7\"><pre class=\"ti-widget\"><div class=\"ti-widget ti-goog\" data-no-translation=\"true\" data-layout-id=\"34\" data-set-id=\"light-background\" data-pid=\"\" data-pager-autoplay-timeout=\"6\" data-review-target-width=\"300\" data-language=\"en\" > <div class=\"ti-widget-container ti-col-3\"> <div class=\"ti-header source-Google\"> <div class=\"ti-rating-text\"> <strong class=\"ti-rating ti-rating-large\"> Excellent <\/strong> <\/div> <span class=\"ti-stars star-lg\"> <span class=\"ti-star f\"><\/span><span class=\"ti-star f\"><\/span><span class=\"ti-star f\"><\/span><span class=\"ti-star f\"><\/span><span class=\"ti-star f\"><\/span> <\/span> <div class=\"ti-rating-text\"> <span class=\"nowrap\">Based on <strong>80 reviews<\/strong><\/span> <\/div> <div class=\"ti-large-logo\"> <div class=\"ti-v-center\"> <img decoding=\"async\" class=\"ti-logo-fb\" src=\"https:\/\/cdn.trustindex.io\/assets\/platform\/Google\/logo.svg\" width=\"150\" height=\"25\" alt=\"Google\" \/> <\/div> <\/div> <\/div> <div class=\"ti-reviews-container\"> <div class=\"ti-controls\"> <div class=\"ti-next\" aria-label=\"Next review\"><\/div> <div class=\"ti-prev\" aria-label=\"Previous review\"><\/div> <\/div> <div class=\"ti-reviews-container-wrapper\">  <div data-empty=\"0\" class=\"ti-review-item source-Google\" > <div class=\"ti-inner\"> <div class=\"ti-review-header\"> <div class=\"ti-profile-img\"> <img decoding=\"async\" src=\"https:\/\/lh3.googleusercontent.com\/a\/ACg8ocIn46BK83y_G448oTUpV_DQ3DrjfIEKExuszk0lSvc16teUrQ=s120-c-rp-mo-br100\" alt=\"Vanessa Lax\" \/> <\/div> <div class=\"ti-profile-details\"> <div class=\"ti-name\"> Vanessa Lax <\/div> <div class=\"ti-date\">2024-05-16<\/div> <\/div> <\/div> <span class=\"ti-stars\"><span class=\"ti-star f\"><\/span><span class=\"ti-star f\"><\/span><span class=\"ti-star f\"><\/span><span class=\"ti-star f\"><\/span><span class=\"ti-star f\"><\/span><\/span> <div class=\"ti-review-text-container ti-review-content\"><!-- R-CONTENT -->Gute und einfache Organisation im Vorhinein \u00fcber Whatsapp. Wir konnten die Wildpferde-Safari sogar kurzfristig f\u00fcr den selben Tag buchen. Der Guide war sehr nett und lie\u00df uns an seinem fachkundigen Wissen \u00fcber die Region und die Wildpferde teilhaben. Die Wildpferde selbst sind \u00e4u\u00dferst beeindruckend und lie\u00dfen sich auch von Nahe betrachten.<!-- R-CONTENT --><\/div> <span class=\"ti-read-more\" data-container=\".ti-review-content\" data-collapse-text=\"Hide\" data-open-text=\"Read more\" ><\/span> <\/div> <\/div>  <div data-empty=\"0\" class=\"ti-review-item source-Google\" > <div class=\"ti-inner\"> <div class=\"ti-review-header\"> <div class=\"ti-profile-img\"> <img decoding=\"async\" src=\"https:\/\/lh3.googleusercontent.com\/a\/ACg8ocKKfpXaJusmqb1W1ThNQZiN-1DP9ghg86UFmsS46YiRf26JWw=s120-c-rp-mo-ba4-br100\" alt=\"Ante Glasnovic\" \/> <\/div> <div class=\"ti-profile-details\"> <div class=\"ti-name\"> Ante Glasnovic <\/div> <div class=\"ti-date\">2024-02-16<\/div> <\/div> <\/div> <span class=\"ti-stars\"><span class=\"ti-star f\"><\/span><span class=\"ti-star f\"><\/span><span class=\"ti-star f\"><\/span><span class=\"ti-star f\"><\/span><span class=\"ti-star f\"><\/span><\/span> <div class=\"ti-review-text-container ti-review-content\"><!-- R-CONTENT -->Top<!-- R-CONTENT --><\/div> <span class=\"ti-read-more\" data-container=\".ti-review-content\" data-collapse-text=\"Hide\" data-open-text=\"Read more\" ><\/span> <\/div> <\/div>  <div data-empty=\"0\" class=\"ti-review-item source-Google\" > <div class=\"ti-inner\"> <div class=\"ti-review-header\"> <div class=\"ti-profile-img\"> <img decoding=\"async\" src=\"https:\/\/lh3.googleusercontent.com\/a-\/ALV-UjU7SXwf3Vc3KD5mTfQxLVhOBxOJbO8jIpmpWJ1xoafw4AiJ2Ps=s120-c-rp-mo-br100\" alt=\"Ezana Ceman\" \/> <\/div> <div class=\"ti-profile-details\"> <div class=\"ti-name\"> Ezana Ceman <\/div> <div class=\"ti-date\">2023-12-12<\/div> <\/div> <\/div> <span class=\"ti-stars\"><span class=\"ti-star f\"><\/span><span class=\"ti-star f\"><\/span><span class=\"ti-star f\"><\/span><span class=\"ti-star f\"><\/span><span class=\"ti-star f\"><\/span><\/span> <div class=\"ti-review-text-container ti-review-content\"><!-- R-CONTENT -->My husband and I went on a day trip to Livno to go on the \u201cWild Horses Safari Tour\u201d this past Saturday and we had an amazing time! Matej was a great tour guide and it was truly amazing getting to see so many wild horses in person and especially in December. We were following different animal tracks and were taking in the amazing sites of Bosnia and Herzegovina. 10\/10 recommend to anyone interested in seeing the beautiful nature Bosnia and Herzegovina has to offer! You will not be disappointed! We will definitely be coming back to go on the snowmobile tour once there\u2019s more snow. Thank you to Continental Adventure for offering such an amazing opportunity!<!-- R-CONTENT --><\/div> <span class=\"ti-read-more\" data-container=\".ti-review-content\" data-collapse-text=\"Hide\" data-open-text=\"Read more\" ><\/span> <\/div> <\/div>  <\/div> <div class=\"ti-controls-line\"> <div class=\"dot\"><\/div> <\/div> <\/div>  <\/div> <\/div> <\/pre><\/h4>\n<h4 class=\"mbr-section-subtitle mbr-fonts-style mb-4 display-7\">&nbsp;<\/h4>","protected":false},"excerpt":{"rendered":"<div class=\"card p-4 p-md-3 col-md-6 col-lg-4\">\n<div class=\"card-box\">\n<div class=\"title\"><span class=\"num mbr-fonts-style display-5\"><strong>Redovna cijena<\/strong><\/span><\/div>\n<h4 class=\"card-title mbr-fonts-style display-5\"><strong>SIJ-LIP<\/strong><\/h4>\n<p class=\"mbr-text card-text mbr-fonts-style display-7\">1. no\u0107 - 835,00 \u20ac<\/p>\n<p>2. no\u0107 - 735,00 \u20ac<\/p>\n<p>3. no\u0107\u2026 \u2013 635,00 \u20ac<\/p>\n<\/div>\n<\/div>\n<div class=\"card p-4 p-md-3 col-md-6 col-lg-4\">\n<div class=\"card-box\">\n<div class=\"title\"><span class=\"num mbr-fonts-style display-5\"><strong>Ljetna sezona<\/strong><\/span><\/div>\n<h4 class=\"card-title mbr-fonts-style display-5\"><strong>SRP-RUJ<\/strong><\/h4>\n<p class=\"mbr-text card-text mbr-fonts-style display-7\">1. no\u0107 - 920,00 \u20ac<\/p>\n<p>2. no\u0107 - 820,00 \u20ac<\/p>\n<p>3. no\u0107... - 720,00 \u20ac<\/p>\n<\/div>\n<\/div>\n<div class=\"card p-4 p-md-3 col-md-6 col-lg-4\">\n<div class=\"card-box\">\n<div class=\"title\"><span class=\"num mbr-fonts-style display-5\"><strong>Redovna cijena<\/strong><\/span><\/div>\n<h4 class=\"card-title mbr-fonts-style display-5\"><strong>LIST-PRO<\/strong><\/h4>\n<p class=\"mbr-text card-text mbr-fonts-style display-7\">1. no\u0107 - 835,00 \u20ac<\/p>\n<p>2. no\u0107 - 735,00 \u20ac<\/p>\n<p>3. no\u0107\u2026 \u2013 635,00 \u20ac<\/p>\n<p>&nbsp;<\/p>\n<\/div>\n<\/div>\n<p>Odaberite samo datume na koje \u0107ete boraviti. Odjava je dan nakon posljednjeg odabranog dana. Dragi gosti, imajte na umu da je prilikom rezervacije ovog odmarali\u0161ta potreban boravak od najmanje 2 no\u0107i.<\/p>","protected":false},"featured_media":8643,"template":"","meta":{"ngg_post_thumbnail":0},"product_cat":[43],"product_tag":[26,57],"class_list":{"0":"post-8642","1":"product","2":"type-product","3":"status-publish","4":"has-post-thumbnail","6":"product_cat-resorts","7":"product_tag-summer","8":"product_tag-winter","10":"first","11":"instock","12":"virtual","13":"sold-individually","14":"purchasable","15":"product-type-booking"},"_links":{"self":[{"href":"https:\/\/bookings.continentaladventure.net\/hr\/wp-json\/wp\/v2\/product\/8642","targetHints":{"allow":["GET"]}}],"collection":[{"href":"https:\/\/bookings.continentaladventure.net\/hr\/wp-json\/wp\/v2\/product"}],"about":[{"href":"https:\/\/bookings.continentaladventure.net\/hr\/wp-json\/wp\/v2\/types\/product"}],"wp:featuredmedia":[{"embeddable":true,"href":"https:\/\/bookings.continentaladventure.net\/hr\/wp-json\/wp\/v2\/media\/8643"}],"wp:attachment":[{"href":"https:\/\/bookings.continentaladventure.net\/hr\/wp-json\/wp\/v2\/media?parent=8642"}],"wp:term":[{"taxonomy":"product_cat","embeddable":true,"href":"https:\/\/bookings.continentaladventure.net\/hr\/wp-json\/wp\/v2\/product_cat?post=8642"},{"taxonomy":"product_tag","embeddable":true,"href":"https:\/\/bookings.continentaladventure.net\/hr\/wp-json\/wp\/v2\/product_tag?post=8642"}],"curies":[{"name":"wp","href":"https:\/\/api.w.org\/{rel}","templated":true}]}}