{"id":9754,"date":"2025-02-27T11:21:01","date_gmt":"2025-02-27T10:21:01","guid":{"rendered":"https:\/\/bookings.continentaladventure.net\/?post_type=product&#038;p=9754"},"modified":"2026-02-19T14:48:15","modified_gmt":"2026-02-19T13:48:15","slug":"glamping-dome-balkanika","status":"publish","type":"product","link":"https:\/\/bookings.continentaladventure.net\/hr\/proizvod\/glamping-dome-balkanika\/","title":{"rendered":"Kupola \u201cBalkanika\u201d"},"content":{"rendered":"<div class=\"x_elementToProof\">\n<p><b data-olk-copy-source=\"MessageBody\">Va\u0161e privatno kino i wellness iskustvo u \u0161umi<\/b><\/p>\n<\/div>\n<div class=\"x_elementToProof\">\n<p class=\" translation-block\">Kupola \u201cBalkanika\u201d predstavlja novu, pobolj\u0161anu verziju na\u0161eg jedinstvenog koncepta \u2013 privatnog odmora pod zvijezdama. Zadr\u017eavaju\u0107i prepoznatljiv aerodinami\u010dni oblik i iznimnu otpornost na ekstremne vremenske uvjete, ova moderna kupola donosi dodatnu dozu luksuza, udobnosti i povezanosti s prirodom. Smje\u0161tena je u \u0161umskom okru\u017eenju, gdje mir, ti\u0161ina i prirodni ambijent pru\u017eaju nezaboravno iskustvo.<\/p>\n<\/div>\n<p>&nbsp;<\/p>\n<div class=\"x_elementToProof\">\n<p class=\" translation-block\">Unutra\u0161njost kupole \u010dini otvoreni prostor od 50 kvadrata, s elegantno ure\u0111enim dnevnim boravkom, blagovaonicom i kuhinjom. Na galeriji se nalazi udoban \"king size\" krevet, a tu su i moderno opremljeni wc i kupaonica.<\/p>\n<\/div>\n<p>&nbsp;<\/p>\n<div class=\"x_elementToProof\">\n<p class=\" translation-block\">Poseban dodatak novoj kupoli je privatni jacuzzi smje\u0161ten na vanjskoj terasi, idealan za opu\u0161tanje pod vedrim nebom ili me\u0111u zelenilom \u0161ume. Vanjski prostor ure\u0111en je za maksimalan u\u017eitak \u2013 savr\u0161en za ispijanje jutarnje kave, \u010ditanje knjige ili gledanje zalaska sunca.<\/p>\n<\/div>\n<p>&nbsp;<\/p>\n<div class=\"x_elementToProof translation-block\">I ova kupola nudi nezaboravno kino iskustvo \u2013 opremljena je s velikim kino platnom i projektorom za gledanje filmova i serija putem Netflixa, YouTube-a i drugih platformi.<\/div>\n<div class=\"x_elementToProof\">\n<p class=\" translation-block\">Objekt je kapaciteta 2+2, s jednim \u201cking size\u201d krevetom i pomo\u0107nim le\u017eajem na razvla\u010denje.<\/p>\n<\/div>\n<p>&nbsp;<\/p>\n<div class=\"x_elementToProof\">\n<p class=\" translation-block\">P.S. Kupola je dobila ime po filmu \u201cBalkanika\u201d, prvom filmu koji je u potpunosti snimljen u Livnu, a \u010diju re\u017eiju potpisuje osniva\u010d Continental Adventure-a, Marin Mamuza.<\/p>\n<div class=\"x_elementToProof translation-block\"><b data-olk-copy-source=\"MessageBody\">Ukupni kapacitet:<\/b>\u00a02+2<br>\n1 king-size krevet, pomo\u0107ni le\u017eaj za 2 osobe<\/div>\n<p>&nbsp;<\/p>\n<div class=\"x_elementToProof translation-block\"><b>Vrijeme dolaska:<\/b> od 14:00h<\/br>\n<b>Vrijeme odlaska:<\/b> do 10:00h<\/br>\n<i>Napomena: mogu\u0107a je prilagodba vremena dolaska i odlaska, ukoliko uvjeti dozvoljavaju. Kontaktirajte nas za vi\u0161e informacija!<\/i><\/div>\n<\/div>\n<p>&nbsp;<\/p>\n<h4 class=\"mbr-section-subtitle mbr-fonts-style mb-4 display-7\"><pre class=\"ti-widget\"><div class=\"ti-widget ti-goog\" data-no-translation=\"true\" data-layout-id=\"34\" data-set-id=\"light-background\" data-pid=\"\" data-pager-autoplay-timeout=\"6\" data-review-target-width=\"300\" data-language=\"en\" > <div class=\"ti-widget-container ti-col-3\"> <div class=\"ti-header source-Google\"> <div class=\"ti-rating-text\"> <strong class=\"ti-rating ti-rating-large\"> Excellent <\/strong> <\/div> <span class=\"ti-stars star-lg\"> <span class=\"ti-star f\"><\/span><span class=\"ti-star f\"><\/span><span class=\"ti-star f\"><\/span><span class=\"ti-star f\"><\/span><span class=\"ti-star f\"><\/span> <\/span> <div class=\"ti-rating-text\"> <span class=\"nowrap\">Based on <strong>80 reviews<\/strong><\/span> <\/div> <div class=\"ti-large-logo\"> <div class=\"ti-v-center\"> <img decoding=\"async\" class=\"ti-logo-fb\" src=\"https:\/\/cdn.trustindex.io\/assets\/platform\/Google\/logo.svg\" width=\"150\" height=\"25\" alt=\"Google\" \/> <\/div> <\/div> <\/div> <div class=\"ti-reviews-container\"> <div class=\"ti-controls\"> <div class=\"ti-next\" aria-label=\"Next review\"><\/div> <div class=\"ti-prev\" aria-label=\"Previous review\"><\/div> <\/div> <div class=\"ti-reviews-container-wrapper\">  <div data-empty=\"0\" class=\"ti-review-item source-Google\" > <div class=\"ti-inner\"> <div class=\"ti-review-header\"> <div class=\"ti-profile-img\"> <img decoding=\"async\" src=\"https:\/\/lh3.googleusercontent.com\/a\/ACg8ocIn46BK83y_G448oTUpV_DQ3DrjfIEKExuszk0lSvc16teUrQ=s120-c-rp-mo-br100\" alt=\"Vanessa Lax\" \/> <\/div> <div class=\"ti-profile-details\"> <div class=\"ti-name\"> Vanessa Lax <\/div> <div class=\"ti-date\">2024-05-16<\/div> <\/div> <\/div> <span class=\"ti-stars\"><span class=\"ti-star f\"><\/span><span class=\"ti-star f\"><\/span><span class=\"ti-star f\"><\/span><span class=\"ti-star f\"><\/span><span class=\"ti-star f\"><\/span><\/span> <div class=\"ti-review-text-container ti-review-content\"><!-- R-CONTENT -->Gute und einfache Organisation im Vorhinein \u00fcber Whatsapp. Wir konnten die Wildpferde-Safari sogar kurzfristig f\u00fcr den selben Tag buchen. Der Guide war sehr nett und lie\u00df uns an seinem fachkundigen Wissen \u00fcber die Region und die Wildpferde teilhaben. Die Wildpferde selbst sind \u00e4u\u00dferst beeindruckend und lie\u00dfen sich auch von Nahe betrachten.<!-- R-CONTENT --><\/div> <span class=\"ti-read-more\" data-container=\".ti-review-content\" data-collapse-text=\"Hide\" data-open-text=\"Read more\" ><\/span> <\/div> <\/div>  <div data-empty=\"0\" class=\"ti-review-item source-Google\" > <div class=\"ti-inner\"> <div class=\"ti-review-header\"> <div class=\"ti-profile-img\"> <img decoding=\"async\" src=\"https:\/\/lh3.googleusercontent.com\/a\/ACg8ocKKfpXaJusmqb1W1ThNQZiN-1DP9ghg86UFmsS46YiRf26JWw=s120-c-rp-mo-ba4-br100\" alt=\"Ante Glasnovic\" \/> <\/div> <div class=\"ti-profile-details\"> <div class=\"ti-name\"> Ante Glasnovic <\/div> <div class=\"ti-date\">2024-02-16<\/div> <\/div> <\/div> <span class=\"ti-stars\"><span class=\"ti-star f\"><\/span><span class=\"ti-star f\"><\/span><span class=\"ti-star f\"><\/span><span class=\"ti-star f\"><\/span><span class=\"ti-star f\"><\/span><\/span> <div class=\"ti-review-text-container ti-review-content\"><!-- R-CONTENT -->Top<!-- R-CONTENT --><\/div> <span class=\"ti-read-more\" data-container=\".ti-review-content\" data-collapse-text=\"Hide\" data-open-text=\"Read more\" ><\/span> <\/div> <\/div>  <div data-empty=\"0\" class=\"ti-review-item source-Google\" > <div class=\"ti-inner\"> <div class=\"ti-review-header\"> <div class=\"ti-profile-img\"> <img decoding=\"async\" src=\"https:\/\/lh3.googleusercontent.com\/a-\/ALV-UjU7SXwf3Vc3KD5mTfQxLVhOBxOJbO8jIpmpWJ1xoafw4AiJ2Ps=s120-c-rp-mo-br100\" alt=\"Ezana Ceman\" \/> <\/div> <div class=\"ti-profile-details\"> <div class=\"ti-name\"> Ezana Ceman <\/div> <div class=\"ti-date\">2023-12-12<\/div> <\/div> <\/div> <span class=\"ti-stars\"><span class=\"ti-star f\"><\/span><span class=\"ti-star f\"><\/span><span class=\"ti-star f\"><\/span><span class=\"ti-star f\"><\/span><span class=\"ti-star f\"><\/span><\/span> <div class=\"ti-review-text-container ti-review-content\"><!-- R-CONTENT -->My husband and I went on a day trip to Livno to go on the \u201cWild Horses Safari Tour\u201d this past Saturday and we had an amazing time! Matej was a great tour guide and it was truly amazing getting to see so many wild horses in person and especially in December. We were following different animal tracks and were taking in the amazing sites of Bosnia and Herzegovina. 10\/10 recommend to anyone interested in seeing the beautiful nature Bosnia and Herzegovina has to offer! You will not be disappointed! We will definitely be coming back to go on the snowmobile tour once there\u2019s more snow. Thank you to Continental Adventure for offering such an amazing opportunity!<!-- R-CONTENT --><\/div> <span class=\"ti-read-more\" data-container=\".ti-review-content\" data-collapse-text=\"Hide\" data-open-text=\"Read more\" ><\/span> <\/div> <\/div>  <\/div> <div class=\"ti-controls-line\"> <div class=\"dot\"><\/div> <\/div> <\/div>  <\/div> <\/div> <\/pre><\/h4>\n<h4 class=\"mbr-section-subtitle mbr-fonts-style mb-4 display-7\">&nbsp;<\/h4>","protected":false},"excerpt":{"rendered":"<div class=\"card p-4 p-md-3 col-md-6 col-lg-4\">\n<div class=\"card-box\">\n<div class=\"title\"><span class=\"num mbr-fonts-style display-5\"><strong>Redovna cijena<\/strong><\/span><\/div>\n<h4 class=\"card-title mbr-fonts-style display-5\"><strong>SIJ-LIP<\/strong><\/h4>\n<p class=\"mbr-text card-text mbr-fonts-style display-7\">1. no\u0107 - 230,00 \u20ac<\/p>\n<p>2. no\u0107 - 220,00 \u20ac<\/p>\n<p>3. no\u0107... - 210,00 \u20ac<\/p>\n<\/div>\n<\/div>\n<div class=\"card p-4 p-md-3 col-md-6 col-lg-4\">\n<div class=\"card-box\">\n<div class=\"title\"><span class=\"num mbr-fonts-style display-5\"><strong>Ljetna sezona<\/strong><\/span><\/div>\n<h4 class=\"card-title mbr-fonts-style display-5\"><strong>SRP-RUJ<\/strong><\/h4>\n<p class=\"mbr-text card-text mbr-fonts-style display-7\">1. no\u0107 - 260,00 \u20ac<\/p>\n<p>2. no\u0107 - 250,00 \u20ac<\/p>\n<p>3. no\u0107... - 240,00 \u20ac<\/p>\n<\/div>\n<\/div>\n<div class=\"card-box\">\n<div class=\"title\"><span class=\"num mbr-fonts-style display-5\"><strong>Redovna cijena<\/strong><\/span><\/div>\n<h4 class=\"card-title mbr-fonts-style display-5\"><strong>LIST-PRO<\/strong><\/h4>\n<p class=\"mbr-text card-text mbr-fonts-style display-7\">1. no\u0107 - 230,00 \u20ac<\/p>\n<p>2. no\u0107 - 220,00 \u20ac<\/p>\n<p>3. no\u0107... - 210,00 \u20ac<\/p>\n<\/div>\n<p>&nbsp;<\/p>\n<p>Odaberite samo datume na koje \u0107ete boraviti. Odjava je dan nakon posljednjeg odabranog dana.<\/p>","protected":false},"featured_media":10872,"template":"","meta":{"ngg_post_thumbnail":0},"product_cat":[43],"product_tag":[26,57],"class_list":{"0":"post-9754","1":"product","2":"type-product","3":"status-publish","4":"has-post-thumbnail","6":"product_cat-resorts","7":"product_tag-summer","8":"product_tag-winter","10":"first","11":"instock","12":"virtual","13":"sold-individually","14":"purchasable","15":"product-type-booking"},"_links":{"self":[{"href":"https:\/\/bookings.continentaladventure.net\/hr\/wp-json\/wp\/v2\/product\/9754","targetHints":{"allow":["GET"]}}],"collection":[{"href":"https:\/\/bookings.continentaladventure.net\/hr\/wp-json\/wp\/v2\/product"}],"about":[{"href":"https:\/\/bookings.continentaladventure.net\/hr\/wp-json\/wp\/v2\/types\/product"}],"wp:featuredmedia":[{"embeddable":true,"href":"https:\/\/bookings.continentaladventure.net\/hr\/wp-json\/wp\/v2\/media\/10872"}],"wp:attachment":[{"href":"https:\/\/bookings.continentaladventure.net\/hr\/wp-json\/wp\/v2\/media?parent=9754"}],"wp:term":[{"taxonomy":"product_cat","embeddable":true,"href":"https:\/\/bookings.continentaladventure.net\/hr\/wp-json\/wp\/v2\/product_cat?post=9754"},{"taxonomy":"product_tag","embeddable":true,"href":"https:\/\/bookings.continentaladventure.net\/hr\/wp-json\/wp\/v2\/product_tag?post=9754"}],"curies":[{"name":"wp","href":"https:\/\/api.w.org\/{rel}","templated":true}]}}